{"id":68,"date":"2026-04-17T21:39:31","date_gmt":"2026-04-17T21:39:31","guid":{"rendered":"https:\/\/cumulus.aero\/?page_id=68"},"modified":"2026-04-17T21:39:31","modified_gmt":"2026-04-17T21:39:31","slug":"legal-notice-es","status":"publish","type":"page","link":"https:\/\/cumulus.aero\/?page_id=68","title":{"rendered":"Aviso Legal"},"content":{"rendered":"<h2>1. Informaci\u00f3n General<\/h2>\n<p>Este sitio web es operado por <strong><span class=\"secure-text opacity-0 transition-opacity duration-500\" data-secure=\"U1RSQVRVUyA0VCBTLkw=\">...<\/span><\/strong>, inscrita en el Registro Mercantil de M\u00e1laga (Espa\u00f1a).<\/p>\n<ul>\n<li><strong>Direcci\u00f3n:<\/strong> <span class=\"secure-text opacity-0 transition-opacity duration-500\" data-secure=\"Q2FsbGUgU2llcnJhIGRlIFllZ3VhcyA0LCAyOTAxNiBNw6FsYWdhLCBFc3Bhw7Fh\">...<\/span><\/li>\n<li><strong>NIF:<\/strong> <span class=\"secure-text opacity-0 transition-opacity duration-500\" data-secure=\"UGVuZGllbnRl\">...<\/span><\/li>\n<li><strong>Tel\u00e9fono:<\/strong> <span class=\"secure-text opacity-0 transition-opacity duration-500\" data-secure=\"KCszNCkgNjk2IDM3MSAzNzI=\">...<\/span><\/li>\n<li><strong>Email:<\/strong> <span class=\"secure-text opacity-0 transition-opacity duration-500\" data-secure=\"Y29udGFjdEBjdW11bHVzLmFlcm8=\">...<\/span><\/li>\n<\/ul>\n<h2>2. Finalidad<\/h2>\n<p>La finalidad de este sitio es proporcionar informaci\u00f3n sobre Cumulus, un sistema integral de gesti\u00f3n de escuelas de vuelo (SaaS).<\/p>\n","protected":false},"excerpt":{"rendered":"<p>1. Informaci\u00f3n General Este sitio web es operado por , inscrita en el Registro Mercantil de M\u00e1laga (Espa\u00f1a). Direcci\u00f3n: NIF: Tel\u00e9fono: Email: 2. Finalidad La finalidad de este sitio es proporcionar informaci\u00f3n sobre Cumulus, un sistema integral de gesti\u00f3n de escuelas de vuelo (SaaS).<\/p>\n","protected":false},"author":1,"featured_media":0,"parent":0,"menu_order":0,"comment_status":"closed","ping_status":"closed","template":"","meta":{"footnotes":""},"class_list":["post-68","page","type-page","status-publish","hentry"],"_links":{"self":[{"href":"https:\/\/cumulus.aero\/index.php?rest_route=\/wp\/v2\/pages\/68","targetHints":{"allow":["GET"]}}],"collection":[{"href":"https:\/\/cumulus.aero\/index.php?rest_route=\/wp\/v2\/pages"}],"about":[{"href":"https:\/\/cumulus.aero\/index.php?rest_route=\/wp\/v2\/types\/page"}],"author":[{"embeddable":true,"href":"https:\/\/cumulus.aero\/index.php?rest_route=\/wp\/v2\/users\/1"}],"replies":[{"embeddable":true,"href":"https:\/\/cumulus.aero\/index.php?rest_route=%2Fwp%2Fv2%2Fcomments&post=68"}],"version-history":[{"count":0,"href":"https:\/\/cumulus.aero\/index.php?rest_route=\/wp\/v2\/pages\/68\/revisions"}],"wp:attachment":[{"href":"https:\/\/cumulus.aero\/index.php?rest_route=%2Fwp%2Fv2%2Fmedia&parent=68"}],"curies":[{"name":"wp","href":"https:\/\/api.w.org\/{rel}","templated":true}]}}