{"id":69,"date":"2026-04-17T21:39:31","date_gmt":"2026-04-17T21:39:31","guid":{"rendered":"https:\/\/cumulus.aero\/?page_id=69"},"modified":"2026-04-17T21:39:31","modified_gmt":"2026-04-17T21:39:31","slug":"terms-of-service-fr","status":"publish","type":"page","link":"https:\/\/cumulus.aero\/?page_id=69","title":{"rendered":"Conditions de Service"},"content":{"rendered":"<p><em>Derni\u00e8re mise \u00e0 jour : Avril 2026<\/em><\/p>\n<h2>1. Acceptation des Conditions<\/h2>\n<p>En acc\u00e9dant \u00e0 Cumulus, vous acceptez de vous conformer \u00e0 ces conditions. Notre service SaaS est fourni aux acad\u00e9mies de vol.<\/p>\n<h2>2. Port\u00e9e du Service<\/h2>\n<p>Cumulus fournit des outils pour le suivi de la flotte, la planification et la gestion des op\u00e9rations. Chaque \u00e9cole est responsable de l&#8217;exactitude des donn\u00e9es.<\/p>\n<h2>3. Propri\u00e9t\u00e9 Intellectuelle<\/h2>\n<p>Tout le code source et les logos sont la propri\u00e9t\u00e9 exclusive de <span class=\"secure-text opacity-0 transition-opacity duration-500\" data-secure=\"U1RSQVRVUyA0VCBTLkw=\">...<\/span>.<\/p>\n","protected":false},"excerpt":{"rendered":"<p>Derni\u00e8re mise \u00e0 jour : Avril 2026 1. Acceptation des Conditions En acc\u00e9dant \u00e0 Cumulus, vous acceptez de vous conformer \u00e0 ces conditions. Notre service SaaS est fourni aux acad\u00e9mies de vol. 2. Port\u00e9e du Service Cumulus fournit des outils pour le suivi de la flotte, la planification et la gestion des op\u00e9rations. Chaque \u00e9cole [&hellip;]<\/p>\n","protected":false},"author":1,"featured_media":0,"parent":0,"menu_order":0,"comment_status":"closed","ping_status":"closed","template":"","meta":{"footnotes":""},"class_list":["post-69","page","type-page","status-publish","hentry"],"_links":{"self":[{"href":"https:\/\/cumulus.aero\/index.php?rest_route=\/wp\/v2\/pages\/69","targetHints":{"allow":["GET"]}}],"collection":[{"href":"https:\/\/cumulus.aero\/index.php?rest_route=\/wp\/v2\/pages"}],"about":[{"href":"https:\/\/cumulus.aero\/index.php?rest_route=\/wp\/v2\/types\/page"}],"author":[{"embeddable":true,"href":"https:\/\/cumulus.aero\/index.php?rest_route=\/wp\/v2\/users\/1"}],"replies":[{"embeddable":true,"href":"https:\/\/cumulus.aero\/index.php?rest_route=%2Fwp%2Fv2%2Fcomments&post=69"}],"version-history":[{"count":0,"href":"https:\/\/cumulus.aero\/index.php?rest_route=\/wp\/v2\/pages\/69\/revisions"}],"wp:attachment":[{"href":"https:\/\/cumulus.aero\/index.php?rest_route=%2Fwp%2Fv2%2Fmedia&parent=69"}],"curies":[{"name":"wp","href":"https:\/\/api.w.org\/{rel}","templated":true}]}}