{"id":70,"date":"2026-04-17T21:39:31","date_gmt":"2026-04-17T21:39:31","guid":{"rendered":"https:\/\/cumulus.aero\/?page_id=70"},"modified":"2026-04-17T21:39:31","modified_gmt":"2026-04-17T21:39:31","slug":"terms-of-service-es","status":"publish","type":"page","link":"https:\/\/cumulus.aero\/?page_id=70","title":{"rendered":"Condiciones del Servicio"},"content":{"rendered":"<p><em>\u00daltima actualizaci\u00f3n: Abril de 2026<\/em><\/p>\n<h2>1. Aceptaci\u00f3n de T\u00e9rminos<\/h2>\n<p>Al acceder y utilizar Cumulus, usted acepta cumplir con estos t\u00e9rminos. Nuestro servicio SaaS se proporciona a academias de vuelo.<\/p>\n<h2>2. Alcance del Servicio<\/h2>\n<p>Cumulus proporciona herramientas para el seguimiento de flota, programaci\u00f3n y gesti\u00f3n de operaciones.<\/p>\n<h2>3. Propiedad Intelectual<\/h2>\n<p>Todo el c\u00f3digo y logotipos son propiedad exclusiva de <span class=\"secure-text opacity-0 transition-opacity duration-500\" data-secure=\"U1RSQVRVUyA0VCBTLkw=\">...<\/span>.<\/p>\n","protected":false},"excerpt":{"rendered":"<p>\u00daltima actualizaci\u00f3n: Abril de 2026 1. Aceptaci\u00f3n de T\u00e9rminos Al acceder y utilizar Cumulus, usted acepta cumplir con estos t\u00e9rminos. Nuestro servicio SaaS se proporciona a academias de vuelo. 2. Alcance del Servicio Cumulus proporciona herramientas para el seguimiento de flota, programaci\u00f3n y gesti\u00f3n de operaciones. 3. Propiedad Intelectual Todo el c\u00f3digo y logotipos son [&hellip;]<\/p>\n","protected":false},"author":1,"featured_media":0,"parent":0,"menu_order":0,"comment_status":"closed","ping_status":"closed","template":"","meta":{"footnotes":""},"class_list":["post-70","page","type-page","status-publish","hentry"],"_links":{"self":[{"href":"https:\/\/cumulus.aero\/index.php?rest_route=\/wp\/v2\/pages\/70","targetHints":{"allow":["GET"]}}],"collection":[{"href":"https:\/\/cumulus.aero\/index.php?rest_route=\/wp\/v2\/pages"}],"about":[{"href":"https:\/\/cumulus.aero\/index.php?rest_route=\/wp\/v2\/types\/page"}],"author":[{"embeddable":true,"href":"https:\/\/cumulus.aero\/index.php?rest_route=\/wp\/v2\/users\/1"}],"replies":[{"embeddable":true,"href":"https:\/\/cumulus.aero\/index.php?rest_route=%2Fwp%2Fv2%2Fcomments&post=70"}],"version-history":[{"count":0,"href":"https:\/\/cumulus.aero\/index.php?rest_route=\/wp\/v2\/pages\/70\/revisions"}],"wp:attachment":[{"href":"https:\/\/cumulus.aero\/index.php?rest_route=%2Fwp%2Fv2%2Fmedia&parent=70"}],"curies":[{"name":"wp","href":"https:\/\/api.w.org\/{rel}","templated":true}]}}