{"id":71,"date":"2026-04-17T21:39:31","date_gmt":"2026-04-17T21:39:31","guid":{"rendered":"https:\/\/cumulus.aero\/?page_id=71"},"modified":"2026-04-17T21:39:31","modified_gmt":"2026-04-17T21:39:31","slug":"dpa-fr","status":"publish","type":"page","link":"https:\/\/cumulus.aero\/?page_id=71","title":{"rendered":"Accord sur le Traitement des Donn\u00e9es (DPA)"},"content":{"rendered":"<h2>1. Port\u00e9e et R\u00f4les<\/h2>\n<p>Cet accord r\u00e9git le traitement des donn\u00e9es personnelles. <span class=\"secure-text opacity-0 transition-opacity duration-500\" data-secure=\"U1RSQVRVUyA0VCBTLkw=\">...<\/span> agit en tant que Sous-traitant pour le compte de l&#8217;\u00e9cole de pilotage.<\/p>\n<h2>2. S\u00e9curit\u00e9 des Donn\u00e9es<\/h2>\n<p>Les donn\u00e9es sont h\u00e9berg\u00e9es sur des serveurs europ\u00e9ens (Scaleway) garantissant la conformit\u00e9 RGPD. Nous visons une disponibilit\u00e9 de 99,5%.<\/p>\n<h2>3. Confidentialit\u00e9 et EU Data Act 2026<\/h2>\n<p>Cumulus.aero garantit que le Client est propri\u00e9taire de toutes les donn\u00e9es saisies. Nous proposons un outil d&#8217;exportation en un clic (JSON\/CSV).<\/p>\n","protected":false},"excerpt":{"rendered":"<p>1. Port\u00e9e et R\u00f4les Cet accord r\u00e9git le traitement des donn\u00e9es personnelles. agit en tant que Sous-traitant pour le compte de l&#8217;\u00e9cole de pilotage. 2. S\u00e9curit\u00e9 des Donn\u00e9es Les donn\u00e9es sont h\u00e9berg\u00e9es sur des serveurs europ\u00e9ens (Scaleway) garantissant la conformit\u00e9 RGPD. Nous visons une disponibilit\u00e9 de 99,5%. 3. Confidentialit\u00e9 et EU Data Act 2026 Cumulus.aero [&hellip;]<\/p>\n","protected":false},"author":1,"featured_media":0,"parent":0,"menu_order":0,"comment_status":"closed","ping_status":"closed","template":"","meta":{"footnotes":""},"class_list":["post-71","page","type-page","status-publish","hentry"],"_links":{"self":[{"href":"https:\/\/cumulus.aero\/index.php?rest_route=\/wp\/v2\/pages\/71","targetHints":{"allow":["GET"]}}],"collection":[{"href":"https:\/\/cumulus.aero\/index.php?rest_route=\/wp\/v2\/pages"}],"about":[{"href":"https:\/\/cumulus.aero\/index.php?rest_route=\/wp\/v2\/types\/page"}],"author":[{"embeddable":true,"href":"https:\/\/cumulus.aero\/index.php?rest_route=\/wp\/v2\/users\/1"}],"replies":[{"embeddable":true,"href":"https:\/\/cumulus.aero\/index.php?rest_route=%2Fwp%2Fv2%2Fcomments&post=71"}],"version-history":[{"count":0,"href":"https:\/\/cumulus.aero\/index.php?rest_route=\/wp\/v2\/pages\/71\/revisions"}],"wp:attachment":[{"href":"https:\/\/cumulus.aero\/index.php?rest_route=%2Fwp%2Fv2%2Fmedia&parent=71"}],"curies":[{"name":"wp","href":"https:\/\/api.w.org\/{rel}","templated":true}]}}